{"id":1799,"date":"2021-08-28T08:27:09","date_gmt":"2021-08-28T07:27:09","guid":{"rendered":"https:\/\/amezua.innobask.net\/aviso-legal-y-politica-de-privacidad\/"},"modified":"2024-02-16T06:28:41","modified_gmt":"2024-02-16T05:28:41","slug":"legal-information-and-privacy-policy","status":"publish","type":"page","link":"https:\/\/www.tornilleria-amezua.com\/en\/legal-information-and-privacy-policy\/","title":{"rendered":"Legal information and privacy policy"},"content":{"rendered":"<div class=\"wpb-content-wrapper\"><p>[vc_row][vc_column][vc_column_text]<\/p>\n<h1>LEGAL INFORMATION UNDER THE LSSICE<\/h1>\n<p>In accordance with the obligations provided in the Law 34\/2002 on the Information Society Services and e-Commerce (from now on LSSIYCE), Torniller\u00eda Amezua S.A. (from now on TORNILLERIA AMEZUA), with Tax Identification Code A48173561, with social address at C\/ Estaci\u00f3n 13, 48240 Berriz (Bizkaia), with e-mail address <a href=\"mailto:comercial@tornilleria-amezua.com\" target=\"_blank\" rel=\"noopener\">comercial@tornilleria-amezua.com<\/a> and registered in the Mercantile Registry of Bizkaia in volume 113, book 448 and page 104, declares that the website <a href=\"https:\/\/www.tornilleria-amezua.com\" target=\"_blank\" rel=\"noopener\">www.tornilleria-amezua.com<\/a> is its property.<\/p>\n<p>TORNILLERIA AMEZUA cannot assume any liability arising from the incorrect or unlawful use of the information appearing on its website. Within the limits established by law, TORNILLERIA AMEZUA assumes no liability for the lack of truthfulness, integrity, updating and accuracy of the data or information contained on its website.<\/p>\n<p>The contents and information on the website of TORNILLERIA AMEZUA have been prepared by professionals suitably qualified for the exercise of their profession. However, the contents and information do not bind the aforementioned, nor do they constitute opinions, advice or legal advice of any kind, as it is merely a service offered for information and divulgation purposes.<\/p>\n<p>The website of TORNILLERIA AMEZUA may contain links to other third-party websites. Therefore, it cannot assume responsibility for the content that may appear on third-party pages. The texts, images, sounds, animations, software and other content included on this website are the exclusive property of TORNILLERIA AMEZUA or its licensors. Any act of transmission, distribution, cession, reproduction, storage or public communication, in whole or in part, must have the express consent of TORNILLERIA AMEZUA.<\/p>\n<p>Likewise, TORNILLERIA AMEZUA reserves the right to withdraw access to the portal without prior notice to any user who contravenes the provisions of this legal notice.<\/p>\n<h1>PERSONAL DATA PROTECTION<\/h1>\n<p>Pursuant to the Personal Data Protection Regulations, you hereby authorise the personal data provided to be processed under the responsibility of TORNILLERIA AMEZUA, with registered address at C\/ Estacion 13, 48240 Berriz (Bizkaia):<\/p>\n<ul>\n<li><u>Contact Form:<\/u> Your data will be processed in order to manage your request and be able to respond, being the provision of this service the reason that legitimizes TORNILLERIA AMEZUA process your data. Your data will be kept until the request is resolved, and will not be transmitted to third parties.<\/li>\n<\/ul>\n<p>In any case, you may withdraw your consent, if this was the basis that legitimised the processing, or exercise the provided rights:<\/p>\n<ul>\n<li><u>Right of access:<\/u> The data subject has the right to know whether the controller is processing his or her personal data and, if so, has the right to access these data, as well as the right to obtain information about the processing carried out.<\/li>\n<li><u>Right of rectification:<\/u> When personal data are inaccurate or incomplete, the data subject has the right to the rectification of his\/her inaccurate personal data and to have his\/her incomplete personal data completed.<\/li>\n<li><u>Right of erasure:<\/u> The data subject has the right to obtain the erasure of his\/her personal data (&#8220;right to be forgotten&#8221;), when: the data are no longer necessary for the purpose for which they were collected; the consent on which the processing was based is withdrawn; the data subject objects to the processing; the data have been processed unlawfully; the data have to be erased for compliance with a legal obligation; or the data have been gathered in relation to the offer of information society services addressed to minors.<\/li>\n<li><u>Right to object:<\/u> The data subject has the right to object to the processing of his\/her personal data when it is based on some specific assumptions and a reason related to his\/her personal situation is invoked.<\/li>\n<li><u>Right to restriction of processing:<\/u> The data subject has the right to have his\/her stored personal data marked, with the aim of restricting their processing in the future. Restriction of processing implies that, on the request of the data subject, his\/her personal data should no longer be processed.<\/li>\n<li><u>Right to data portability:<\/u> The data subject has the right to receive the personal data he\/she has provided to the controller in a structured, commonly used and machine-readable format, if it is based on consent or a contract, or when the processing is carried out by automated means.<\/li>\n<li><u>Right not to be subject to a decision based solely on automated processing:<\/u> The data subject has the right not to be subject to a decision based solely on automated processing of his\/her data, including profiling, which produces legal effects concerning him\/her or adversely affects him\/her.<\/li>\n<\/ul>\n<p>You may exercise these rights by sending a written request to C\/ Estaci\u00f3n 13, 48240 Berriz (Bizkaia) or by sending an email to <a href=\"mailto:comercial@tornilleria-amezua.com\" target=\"_blank\" rel=\"noopener\">comercial@tornilleria-amezua.com<\/a>. You may also file a complaint before the Spanish Data Protection Agency (Agencia Espa\u00f1ola de Protecci\u00f3n de Datos).<\/p>\n<h1>INDUSTRIAL AND INTELLECTUAL PROPERTY<\/h1>\n<p>This website is the property of TORNILLERIA AMEZUA. The Intellectual Property rights and the rights of exploitation and reproduction of this website, its pages, screens, the information they contain, their appearance and design, as well as the links (&#8220;hyperlinks&#8221;) established from it to other websites of any affiliated centre or dependent body, are exclusively owned by them, unless expressly established otherwise.<\/p>\n<p>All names, designs and\/or logos, as well as any product or service offered and reflected on this website, are trademarks duly registered by TORNILLERIA AMEZUA by its subsidiaries and\/or dominated companies or by third parties.<\/p>\n<p>Any misuse thereof by persons other than its legitimate owner and without its express and unequivocal consent may be denounced and prosecuted by all legal means existing in the Spanish and\/or Community legal order.<\/p>\n<p>The intellectual property rights and trademarks of third parties are suitably highlighted and must be respected by any person accessing this website, not being TORNILLERIA AMEZUA responsible for the use that the user may carry out in this regard, being the sole responsibility of the user.<\/p>\n<p>Only for personal and private use is it permitted to download the contents, copy or print any page of this website. It is forbidden to reproduce, transmit, modify or delete the information, contents or warnings on this website without the prior written authorisation of TORNILLERIA AMEZUA.<\/p>\n<p>TORNILLERIA AMEZUA does not transfer ownership of its software to users. The user is the owner of the medium on which the software is recorded.\u00a0 TORNILLERIA AMEZUA owns all industrial and intellectual property rights, including the software. If the user transfers software from this website to his terminal, he\/she shall not be able to dissect it for study and decompile, translate the version of the original object code or its language to another code or language.<\/p>\n<h1>APPLICABLE LAW AND JURISDICTION<\/h1>\n<p>These general conditions are governed by Spanish law, being the Spanish Courts and Tribunals competent to attend to any questions that may arise regarding its interpretation, application and compliance. The user, by virtue of his\/her acceptance of the general conditions contained in this legal notice and provided that this submission is possible, expressly waives any jurisdiction that, by application of the current Civil Procedure Law, may correspond to him\/her.[\/vc_column_text][\/vc_column][\/vc_row][vc_row disable_element=&#8221;yes&#8221;][vc_column][vc_column_text]En cumplimiento de la legislaci\u00f3n vigente en materia de protecci\u00f3n de datos de car\u00e1cter personal (Reglamento Europeo 679\/16 y dem\u00e1s normativa de desarrollo) as\u00ed como de la regulaci\u00f3n existente en materia de servicios de la sociedad de la informaci\u00f3n y de comercio electr\u00f3nico (Ley 34\/2002, de 11 de julio), ponemos en su conocimiento las presentes condiciones generales de uso que se aplican a todas las operaciones realizadas a trav\u00e9s de la web: www.tornilleria-amezua.com<\/p>\n<h2>Propiedad intelectual<\/h2>\n<p>Los derechos de propiedad intelectual de la WEB, as\u00ed como de sus distintos contenidos pertenecen a XXXXXXXXXXXXXXX (en adelante TORNILLERIA AMEZUA), con domicilio en XXXXXXXXXXXXXXX y CIF XXXXXXXXXXXXXXX , siendo titular del dominio www.tornilleria-amezua.com debidamente inscrito en el Registro Mercantil de Bilbao.<\/p>\n<p>Queda terminantemente prohibido realizar cualquier alteraci\u00f3n de esta p\u00e1gina. TORNILLERIA AMEZUA no asume ninguna responsabilidad que se pueda derivar de manipulaciones o alteraciones no autorizadas. TORNILLERIA AMEZUA no concede ninguna licencia o autorizaci\u00f3n de uso de ning\u00fan tipo sobre sus derechos de propiedad industrial e intelectual o sobre cualquier otra propiedad o derecho relacionado con la WEB, los servicios o los contenidos.<\/p>\n<p>Queda prohibida la reproducci\u00f3n total o parcial de los contenidos de esta WEB sin citar su origen o sin solicitar autorizaci\u00f3n expresa para ello. La utilizaci\u00f3n no autorizada de la informaci\u00f3n contenida en esta WEB, as\u00ed como los perjuicios ocasionados en los derechos de propiedad intelectual e industrial de TORNILLERIA AMEZUA dar\u00e1 lugar al ejercicio de las acciones que correspondan y, en su caso, a las responsabilidades que de dicho ejercicio se deriven.<\/p>\n<h2>Condiciones de utilizaci\u00f3n<\/h2>\n<p>TORNILLERIA AMEZUA advierte de que los materiales contenidos en esta p\u00e1gina WEB han sido incluidos a mero t\u00edtulo informativo, por lo que resultan insuficientes para tomar decisiones o asumir posiciones en un caso concreto. No constituyen asesoramiento o servicio profesional por parte de TORNILLERIA AMEZUA sobre ning\u00fan asunto en particular. TORNILLERIA AMEZUA no asume ninguna responsabilidad por los da\u00f1os y perjuicios resultantes o que tengan conexi\u00f3n con el empleo de dicha informaci\u00f3n.<\/p>\n<p>Los enlaces o links que contiene este sitio WEB pueden conducir a las y los usuarios a otros sitios y p\u00e1ginas WEB gestionadas por terceras personas, sobre las que TORNILLERIA AMEZUA no ejerce ning\u00fan tipo de control. TORNILLERIA AMEZUA no responde ni de los contenidos ni del estado de dichos sitios y p\u00e1ginas WEB, y el acceso a las mismas a trav\u00e9s de este sitio WEB tampoco implica que TORNILLERIA AMEZUA recomiende o apruebe sus contenidos.<\/p>\n<p>TORNILLERIA AMEZUA no utiliza t\u00e1cticas de \u00abSpaming\u00bb.<\/p>\n<h2>Utilizaci\u00f3n l\u00edcita<\/h2>\n<p>Las\/los usuarios de esta p\u00e1gina WEB y de sus servicios se obligan a realizar un uso conforme con las leyes y los usos del tr\u00e1fico, y se abstendr\u00e1n de utilizar la WEB y sus servicios con fines o efectos il\u00edcitos o que sean lesivos de los derechos e intereses de terceras personas, o que de cualquier forma puedan da\u00f1ar, inutilizar, sobrecargar o deteriorar la WEB y los servicios o impedir la normal utilizaci\u00f3n o disfrute de la WEB y de los servicios por parte de las personas usuarias. Quienes incumplan dicha obligaci\u00f3n responder\u00e1n, frente al titular de la WEB y frente a terceros, de cualesquiera da\u00f1os y perjuicios que pudieran causarse como consecuencia del incumplimiento de dicha obligaci\u00f3n.<\/p>\n<h2>Garant\u00eda de errores<\/h2>\n<p>TORNILLERIA AMEZUA no garantiza la inexistencia de errores en el acceso a la WEB, o en su contenido; en el caso de que se citen o reproduzcan publicaciones de car\u00e1cter oficial, dicha reproducci\u00f3n tendr\u00e1 car\u00e1cter meramente informativo debiendo considerarse a todos los efectos como v\u00e1lida la publicaci\u00f3n en su bolet\u00edn o fuente oficial correspondiente.<\/p>\n<h2>Disponibilidad del servicio<\/h2>\n<p>TORNILLERIA AMEZUA se reserva la facultad de efectuar, en cualquier momento y sin necesidad de previo aviso, modificaciones y actualizaciones sobre la informaci\u00f3n contenida en su WEB o en su configuraci\u00f3n o presentaci\u00f3n.<\/p>\n<p>TORNILLERIA AMEZUA no garantiza la disponibilidad y continuidad del funcionamiento de la WEB y de los servicios. Cuando ello sea razonablemente posible, se advertir\u00e1n previamente las interrupciones en el funcionamiento de la WEB y de los servicios.<\/p>\n<p>TORNILLERIA AMEZUA excluye cualquier responsabilidad por los da\u00f1os y perjuicios de toda naturaleza que puedan deberse a la falta de disponibilidad o de continuidad del funcionamiento de la WEB y de los servicios, a la defraudaci\u00f3n de la utilidad que las\/los usuarios hubieren podido atribuir a la WEB y a los servicios, a la falibilidad de la WEB y de los servicios, y en particular, aunque no de modo exclusivo, a los fallos en el acceso a las distintas p\u00e1ginas WEB o a aquellas desde las que se prestan los servicios.<\/p>\n<h2>Uso de cookies y del fichero de actividad<\/h2>\n<p>Este sitio WEB utiliza cookies cuando un usuario\/a navega por sus sitios y p\u00e1ginas. Las cookies utilizadas por el sitio WEB son ficheros enviados a un navegador por medio de un servidor WEB para registrar las actividades de las\/los usuarios en el sitio WEB y permitirle una navegaci\u00f3n m\u00e1s fluida y personalizada. Las\/los usuarios tienen la posibilidad de configurar su navegador para impedir la entrada de cookies, bloquearlas o, en su caso, eliminarlas. Para utilizar el sitio WEB no resulta necesario que las\/los usuarios permitan la instalaci\u00f3n de las cookies enviadas por el sitio WEB.<\/p>\n<p>De igual forma los servidores WEB del sitio detectan de manera autom\u00e1tica la direcci\u00f3n IP y el nombre de la red utilizados por las\/los usuarios. Toda esta informaci\u00f3n es registrada en un fichero de actividad del servidor que permite posteriormente el procesamiento de los datos con el fin de obtener mediciones estad\u00edsticas conociendo as\u00ed el n\u00famero de impresiones de p\u00e1ginas, n\u00famero de visitas, etc\u2026<\/p>\n<p>No obstante TORNILLERIA AMEZUA ni sus representantes legales se hacen responsables ni del contenido ni de la veracidad de las pol\u00edticas de privacidad que puedan tener los terceros mencionados en esta pol\u00edtica de cookies.<\/p>\n<p>Los navegadores web son las herramientas encargadas de almacenar las cookies y desde este lugar debe efectuar su derecho a eliminaci\u00f3n o desactivaci\u00f3n de las mismas. Ni TORNILLERIA AMEZUA ni sus representantes legales pueden garantizar la correcta o incorrecta manipulaci\u00f3n de las cookies por parte de los mencionados navegadores.<\/p>\n<p>En algunos casos es necesario instalar cookies para que el navegador no olvide su decisi\u00f3n de no aceptaci\u00f3n de las mismas.<\/p>\n<p>Para cualquier duda o consulta acerca de esta pol\u00edtica de cookies no dude en comunicarse con nosotros a trav\u00e9s de la secci\u00f3n de contacto.[\/vc_column_text][vc_raw_html]JTNDZGl2JTIwaWQlM0QlMjJjb29raWVmaXJzdC1wb2xpY3ktcGFnZSUyMiUzRSUzQyUyRmRpdiUzRQ==[\/vc_raw_html][vc_column_text]<\/p>\n<h2>Monitorizaci\u00f3n del sitio WEB<\/h2>\n<p>Adem\u00e1s de sistemas propios de monitorizaci\u00f3n del sitio WEB, \u00e9sta p\u00e1gina utiliza herramientas estad\u00edsticas externas del portal alojadas en los servidores del propietario as\u00ed como Google Analytics, un servicio anal\u00edtico de WEB prestado por Google, Inc., una compa\u00f1\u00eda de Delaware (EE UU) cuya oficina principal se encuentra en el:<\/p>\n<p>1600 Amphitheatre Parkway<br \/>\nMountain View, California<br \/>\nCA 94043 EE UU<br \/>\nGoogle<\/p>\n<p>Google Analytics utiliza cookies para ayudar al sitio WEB a analizar el uso que hacen las\/los usuarios. La informaci\u00f3n que genera la cookie acerca del uso del sitio WEB, incluyendo su direcci\u00f3n IP, ser\u00e1 directamente transmitida y archivada por Google en los servidores de los Estados Unidos de Am\u00e9rica. Google usar\u00e1 esta informaci\u00f3n por cuenta nuestra con el prop\u00f3sito de seguir la pista del uso del sitio WEB, recopilando informes de la actividad y prestando otros servicios relacionados con la actividad del sitio WEB y del uso de Internet.<\/p>\n<p>Google podr\u00e1 transmitir dicha informaci\u00f3n a terceros cuando as\u00ed se lo requiera la legislaci\u00f3n, o cuando dichos terceros procesen la informaci\u00f3n por cuenta de Google.<\/p>\n<p>Google no asociar\u00e1 su direcci\u00f3n IP con ning\u00fan otro dato del que disponga.<\/p>\n<p>Al utilizar este sitio WEB consiente el tratamiento de la informaci\u00f3n por Google en la forma y para los fines arriba indicados.<\/p>\n<p>Usted puede rechazar el tratamiento de los datos o la informaci\u00f3n rehusando el uso de cookies mediante la selecci\u00f3n de la configuraci\u00f3n apropiada de su navegador, sin embargo debe Usted saber que en tal caso quiz\u00e1s no pueda usar la plena funcionalidad de este sitio WEB.<\/p>\n<h2>Responsabilidad por el uso de la informaci\u00f3n contenida<\/h2>\n<p>La\/el usuario es consciente y acepta voluntariamente que el uso de la WEB, de los servicios y de los contenidos tiene lugar, en todo caso, bajo su \u00fanica y exclusiva responsabilidad. Tanto el acceso a la WEB como el uso que pueda hacerse de la informaci\u00f3n contenida en el mismo son de la exclusiva responsabilidad de quien lo realiza. TORNILLERIA AMEZUA no responder\u00e1 de ninguna consecuencia, da\u00f1o, o perjuicio que pudieran derivarse de dicho acceso o uso de informaci\u00f3n ni de la aplicaci\u00f3n que de ellos se realice para apoyar cualquier opini\u00f3n o decisi\u00f3n personal o empresarial. TORNILLERIA AMEZUA no asume responsabilidad alguna derivada de la conexi\u00f3n o contenidos de los enlaces de terceros a los que se hace referencia en la WEB.<\/p>\n<h2>Protecci\u00f3n de Datos de Car\u00e1cter Personal<\/h2>\n<p>TORNILLERIA AMEZUA respeta la privacidad de las personas usuarias y el secreto y seguridad de los datos personales, de conformidad con lo establecido en la legislaci\u00f3n aplicable en materia de protecci\u00f3n de datos, en concreto, el Reglamento 2016\/679 del Parlamento Europeo y del Consejo de 27 de abril de 2016, y su normativa de desarrollo, habiendo adoptado para ello las medidas t\u00e9cnicas y organizativas necesarias para evitar la p\u00e9rdida, mal uso, alteraci\u00f3n, acceso no autorizado y robo de los datos personales facilitados, habida cuenta del estado de la tecnolog\u00eda, la naturaleza de los datos y los riesgos a los que est\u00e1n expuestos.<\/p>\n<p>En los supuestos en los que para acceder a alguna de los servicios ofrecidos en esta web sea precisa la aportaci\u00f3n de datos de car\u00e1cter personal, el tratamiento de estos datos se basar\u00e1 en el consentimiento de la persona interesada, a trav\u00e9s de la aceptaci\u00f3n de este aviso legal y pol\u00edtica de privacidad.<\/p>\n<p>Los datos personales s\u00f3lo se tratar\u00e1n con la finalidad de prestarle el servicio adecuado, para lo cual TORNILLERIA AMEZUA podr\u00e1 facilitar el acceso a dichos datos a profesionales\/ empresas subcontratadas por TORNILLERIA AMEZUA, y aquellos Organismos que sean part\u00edcipes necesarios para el buen fin de la prestaci\u00f3n del servicio solicitado por la persona usuaria. Tambi\u00e9n se ceder\u00e1n los datos personales para dar cumplimiento a las obligaciones legales pertinentes.<\/p>\n<p>Dichos datos personales ser\u00e1n conservados durante el tiempo que dure la relaci\u00f3n que vincule a la persona usuaria con TORNILLERIA AMEZUA, y en cualquier caso en los plazos establecidos para dar cumplimiento a las obligaciones legales derivadas de dicha relaci\u00f3n.<\/p>\n<p>La pol\u00edtica de privacidad de TORNILLERIA AMEZUA garantiza a la persona usuaria en todo caso la posibilidad de ejercitar sus derechos: el acceso a los datos personales relativos a la persona interesada, y su rectificaci\u00f3n o supresi\u00f3n, o la limitaci\u00f3n de su tratamiento, el derecho a la portabilidad de los datos, o a oponerse al tratamiento, pudiendo ejercitar dichos derechos:<\/p>\n<p>por correo ordinario dirigido a TORNILLERIA AMEZUA S.A.U. Sabino Arana 8, 48013 Bilbao o bien por e-mail: TORNILLERIA AMEZUA@bizkaia.eus<br \/>\nante la Agencia Espa\u00f1ola de Protecci\u00f3n de Datos<br \/>\nante el Delegado de Protecci\u00f3n de Datos de TORNILLERIA AMEZUA: Jefatura de la Secci\u00f3n de Asesoramiento Jur\u00eddico, Seguridad de la informaci\u00f3n y Protecci\u00f3n de datos, adscrito directamente al Gabinete de Modernizaci\u00f3n, Buen Gobierno y Transparencia de la Diputaci\u00f3n Foral de Bizkaia<\/p>\n<h2>Consentimiento de la persona usuaria<\/h2>\n<p>En el caso de que nos facilite sus datos, se entiende que est\u00e1 prestando el consentimiento para que los mismos sean utilizados para el env\u00edo de comunicaciones relacionadas con los servicios prestados por TORNILLERIA AMEZUA, as\u00ed como para trasladar estos datos a Organismos o Entidades colaboradoras de TORNILLERIA AMEZUA en la prestaci\u00f3n de sus servicios.<\/p>\n<p>Asimismo, se autoriza por parte de las personas asistentes a los actos organizados por TORNILLERIA AMEZUA el uso de las im\u00e1genes de las mismas, a\u00fan en aquellos casos en los que pudiera estar representado\/a \u00fanicamente para fines de comunicaci\u00f3n que esta empresa pudiera realizar.<\/p>\n<h2>Ley aplicable y jurisdicci\u00f3n<\/h2>\n<p>La utilizaci\u00f3n de esta p\u00e1gina WEB se rige por la ley espa\u00f1ola, con independencia del entorno legal del\/la usuaria. Cualquier disputa que pueda surgir en la interpretaci\u00f3n de estas condiciones se resolver\u00e1 en los tribunales del lugar donde tenga fijada su actividad TORNILLERIA AMEZUA.[\/vc_column_text][\/vc_column][\/vc_row]<\/p>\n<\/div>","protected":false},"excerpt":{"rendered":"<p>[vc_row][vc_column][vc_column_text] LEGAL INFORMATION UNDER THE LSSICE In accordance with the obligations provided in the Law 34\/2002 on the Information Society Services and e-Commerce (from now on<span class=\"excerpt-hellip\"> [\u2026]<\/span><\/p>\n","protected":false},"author":1,"featured_media":0,"parent":0,"menu_order":0,"comment_status":"closed","ping_status":"open","template":"","meta":{"footnotes":""},"categories":[],"tags":[],"class_list":["post-1799","page","type-page","status-publish","hentry"],"_links":{"self":[{"href":"https:\/\/www.tornilleria-amezua.com\/en\/wp-json\/wp\/v2\/pages\/1799","targetHints":{"allow":["GET"]}}],"collection":[{"href":"https:\/\/www.tornilleria-amezua.com\/en\/wp-json\/wp\/v2\/pages"}],"about":[{"href":"https:\/\/www.tornilleria-amezua.com\/en\/wp-json\/wp\/v2\/types\/page"}],"author":[{"embeddable":true,"href":"https:\/\/www.tornilleria-amezua.com\/en\/wp-json\/wp\/v2\/users\/1"}],"replies":[{"embeddable":true,"href":"https:\/\/www.tornilleria-amezua.com\/en\/wp-json\/wp\/v2\/comments?post=1799"}],"version-history":[{"count":7,"href":"https:\/\/www.tornilleria-amezua.com\/en\/wp-json\/wp\/v2\/pages\/1799\/revisions"}],"predecessor-version":[{"id":3176,"href":"https:\/\/www.tornilleria-amezua.com\/en\/wp-json\/wp\/v2\/pages\/1799\/revisions\/3176"}],"wp:attachment":[{"href":"https:\/\/www.tornilleria-amezua.com\/en\/wp-json\/wp\/v2\/media?parent=1799"}],"wp:term":[{"taxonomy":"category","embeddable":true,"href":"https:\/\/www.tornilleria-amezua.com\/en\/wp-json\/wp\/v2\/categories?post=1799"},{"taxonomy":"post_tag","embeddable":true,"href":"https:\/\/www.tornilleria-amezua.com\/en\/wp-json\/wp\/v2\/tags?post=1799"}],"curies":[{"name":"wp","href":"https:\/\/api.w.org\/{rel}","templated":true}]}}