{"id":1258,"date":"2021-10-20T08:44:27","date_gmt":"2021-10-20T08:44:27","guid":{"rendered":"https:\/\/amezua.innobask.net\/?page_id=1258"},"modified":"2025-05-22T18:10:20","modified_gmt":"2025-05-22T17:10:20","slug":"contacto","status":"publish","type":"page","link":"https:\/\/www.tornilleria-amezua.com\/es\/contacto\/","title":{"rendered":"Contacto"},"content":{"rendered":"<div class=\"wpb-content-wrapper\"><p>[vc_row][vc_column width=\u00bb1\/4&#8243; offset=\u00bbvc_hidden-xs\u00bb][\/vc_column][vc_column css_animation=\u00bbbottom-to-top\u00bb width=\u00bb1\/2&#8243;][\/vc_column][vc_column width=\u00bb1\/4&#8243; offset=\u00bbvc_hidden-xs\u00bb][\/vc_column][\/vc_row][vc_row][vc_column][vc_column_text]<\/p>\n<h2><strong><img loading=\"lazy\" decoding=\"async\" class=\"alignnone size-medium wp-image-1726 aligncenter\" role=\"img\" src=\"https:\/\/www.tornilleria-amezua.com\/wp-content\/uploads\/2021\/11\/TA-factory.svg\" alt=\"\" width=\"64\" height=\"64\" \/><\/strong><\/h2>\n<h2 style=\"text-align: center;\">F\u00c1BRICA<\/h2>\n<p>[\/vc_column_text][vc_row_inner][vc_column_inner width=\u00bb1\/2&#8243;][vc_column_text css=\u00bb\u00bb]<strong>Direcci\u00f3n:<\/strong><br \/>\nEstaci\u00f3n 13, Aptdo. 36<br \/>\n48240 Berriz, Bizkaia<br \/>\n<strong>Tel\u00e9fono*:<\/strong> +34 946 82 40 59<br \/>\n<strong>Fax:<\/strong> +34 946 82 79 80<strong><br \/>\nEmail: <\/strong><span style=\"color: #e25300;\"><a style=\"color: #e25300;\" href=\"mailto:comercial@tornilleria-amezua.com\">comercial@tornilleria-amezua.com<\/a><\/span><strong><br \/>\n<em>*<\/em><\/strong><em>Horario de atenci\u00f3n telef\u00f3nica: de lunes a viernes de 8:00 a 16:30.<\/em>[\/vc_column_text][vc_column_text]<a href=\"https:\/\/maps.google.com\/maps?ll=43.170194,-2.573088&amp;z=10&amp;t=m&amp;hl=es&amp;gl=ES&amp;mapclient=embed&amp;cid=1912824525310019910\" target=\"_blank\" rel=\"noopener\"><img loading=\"lazy\" decoding=\"async\" class=\"alignnone size-full wp-image-3142\" src=\"https:\/\/www.tornilleria-amezua.com\/wp-content\/uploads\/2023\/10\/Mapa-acceso-fabrica.jpg\" alt=\"\" width=\"587\" height=\"339\" srcset=\"https:\/\/www.tornilleria-amezua.com\/wp-content\/uploads\/2023\/10\/Mapa-acceso-fabrica.jpg 587w, https:\/\/www.tornilleria-amezua.com\/wp-content\/uploads\/2023\/10\/Mapa-acceso-fabrica-300x173.jpg 300w, https:\/\/www.tornilleria-amezua.com\/wp-content\/uploads\/2023\/10\/Mapa-acceso-fabrica-130x75.jpg 130w, https:\/\/www.tornilleria-amezua.com\/wp-content\/uploads\/2023\/10\/Mapa-acceso-fabrica-480x277.jpg 480w\" sizes=\"auto, (max-width:767px) 480px, 587px\" \/><\/a>[\/vc_column_text][\/vc_column_inner][vc_column_inner width=\u00bb1\/2&#8243;][vc_column_text]<strong>Formulario de contacto:<\/strong>[\/vc_column_text][vc_column_text]<div class=\"everest-forms\"><div class=\"evf-container default\" id=\"evf-9\"><form id=\"evf-form-9\" class=\"everest-form\" data-formid=\"9\" data-ajax_submission=\"0\" data-keyboard_friendly_form=\"0\" data-form_state_type=\"\" method=\"post\" enctype=\"multipart\/form-data\" action=\"\/es\/wp-json\/wp\/v2\/pages\/1258\"><div class=\"evf-field-container\"><input type=\"hidden\" id=\"_wpnonce9\" name=\"_wpnonce9\" value=\"1d33c7c015\" \/><input type=\"hidden\" name=\"_wp_http_referer\" value=\"\/es\/wp-json\/wp\/v2\/pages\/1258\" \/><div class=\"evf-frontend-row\" data-row=\"row_1\" conditional_rules=\"[]\"><div class=\"evf-frontend-grid evf-grid-1\" data-grid=\"grid_1\"><div id=\"evf-9-field_fullname-container\" class=\"evf-field evf-field-text form-row validate-required\" data-required-field-message=\"Campo requerido\" data-field-id=\"fullname\"><label class=\"evf-field-label\" for=\"evf-9-field_fullname\"><span class=\"evf-label\">Nombre<\/span> <abbr class=\"required\" title=\"Required\">*<\/abbr><\/label><input type=\"text\" id=\"evf-9-field_fullname\" class=\"input-text\" name=\"everest_forms[form_fields][fullname]\" required><\/div><div id=\"evf-9-field_email-container\" class=\"evf-field evf-field-email form-row validate-required validate-email\" data-required-field-message=\"Campo requerido\" data-field-id=\"email\"><label class=\"evf-field-label\" for=\"evf-9-field_email\"><span class=\"evf-label\">Email<\/span> <abbr class=\"required\" title=\"Required\">*<\/abbr><\/label><input type=\"email\" id=\"evf-9-field_email\" class=\"input-text\" name=\"everest_forms[form_fields][email]\" required ><\/div><div id=\"evf-9-field_subject-container\" class=\"evf-field evf-field-text form-row validate-required\" data-required-field-message=\"Campo requerido\" data-field-id=\"subject\"><label class=\"evf-field-label\" for=\"evf-9-field_subject\"><span class=\"evf-label\">Asunto<\/span> <abbr class=\"required\" title=\"Required\">*<\/abbr><\/label><input type=\"text\" id=\"evf-9-field_subject\" class=\"input-text\" name=\"everest_forms[form_fields][subject]\" required><\/div><div id=\"evf-9-field_message-container\" class=\"evf-field evf-field-textarea form-row\" data-field-id=\"message\"><label class=\"evf-field-label\" for=\"evf-9-field_message\"><span class=\"evf-label\">Mensaje<\/span> <\/label><textarea id=\"evf-9-field_message\" class=\"input-text\" name=\"everest_forms[form_fields][message]\"  ><\/textarea><\/div><div id=\"evf-9-field_ObtHFD2RyL-1-container\" class=\"evf-field evf-field-checkbox form-row validate-required\" data-required-field-message=\"Campo requerido\" data-field-id=\"ObtHFD2RyL-1\"><label class=\"evf-field-label evf-label-hide\" for=\"evf-9-field_ObtHFD2RyL-1\"><span class=\"evf-label\">Pol\u00edtica de privacidad<\/span> <abbr class=\"required\" title=\"Required\">*<\/abbr><\/label><ul id=\"evf-9-field_ObtHFD2RyL-1\" class=\" evf-field-required\"><li class=\"choice-1 depth-1\"><input type=\"checkbox\" id=\"evf-9-field_ObtHFD2RyL-1_1\" class=\"input-text\" name=\"everest_forms[form_fields][ObtHFD2RyL-1][]\" value=\"He leido y acepto &lt;a href=&quot;\/es\/aviso-legal-y-politica-de-privacidad\/&quot; target=&quot;_blank&quot;&gt;el aviso legal y la pol\u00edtica de privacidad&lt;\/a&gt;\" required ><label class=\"everest-forms-field-label-inline\" for=\"evf-9-field_ObtHFD2RyL-1_1\">He leido y acepto <a href=\"\/es\/aviso-legal-y-politica-de-privacidad\/\" target=\"_blank\">el aviso legal y la pol\u00edtica de privacidad<\/a><\/label><\/li><\/ul><\/div><\/div><\/div><div class=\"evf-frontend-row\" data-row=\"row_2\" conditional_rules=\"[]\"><div class=\"evf-frontend-grid evf-grid-1\" data-grid=\"grid_1\"><div id=\"evf-9-field_IWX5HFxv2j-18-container\" class=\"evf-field evf-field-recaptcha form-row\" data-field-id=\"IWX5HFxv2j-18\"><div class=\"evf-recaptcha-container recaptcha-hidden\" style=\"display:block\"><input type=\"hidden\" name=\"everest_forms[recaptcha]\" value=\"\"><\/div><\/div><\/div><\/div><\/div><div class=\"evf-honeypot-container evf-field-hp\"><label for=\"evf-9-field-hp\" class=\"evf-field-label\">Name<\/label><input type=\"text\" name=\"everest_forms[hp]\" id=\"evf-9-field-hp\" class=\"input-text\"><\/div><div class=\"evf-submit-container \" ><input type=\"hidden\" name=\"everest_forms[id]\" value=\"9\"><input type=\"hidden\" name=\"everest_forms[author]\" value=\"2\"><button type='submit' name='everest_forms[submit]' class='everest-forms-submit-button button evf-submit ' id='evf-submit-9' value='evf-submit' data-process-text=\"Procesando...\" conditional_rules='&quot;&quot;' conditional_id='evf-submit-9'  id=\"evf-submit-9\" aria-live=\"assertive\">Enviar<\/button><\/div><\/form><\/div><!-- .evf-container --><\/div>[\/vc_column_text][\/vc_column_inner][\/vc_row_inner][\/vc_column][\/vc_row][vc_row][vc_column][vc_column_text]<\/p>\n<h2 style=\"text-align: center;\"><img loading=\"lazy\" decoding=\"async\" class=\"alignnone size-medium wp-image-1729\" role=\"img\" src=\"https:\/\/www.tornilleria-amezua.com\/wp-content\/uploads\/2021\/11\/TA-warehouse.svg\" alt=\"\" width=\"64\" height=\"64\" \/><\/h2>\n<h2 style=\"text-align: center;\">ALMAC\u00c9N<\/h2>\n<p>[\/vc_column_text][vc_row_inner][vc_column_inner width=\u00bb1\/2&#8243;][vc_column_text]<strong>Direcci\u00f3n:<\/strong><br \/>\nPol\u00edgono Industrial Eitua, 71B<br \/>\n48240 Berriz, Bizkaia[\/vc_column_text][vc_message color=\u00bbwarning\u00bb message_box_color=\u00bbwarning\u00bb icon_fontawesome=\u00bbfas fa-exclamation-triangle\u00bb]Solo para entregas y recogidas programadas.[\/vc_message][\/vc_column_inner][vc_column_inner width=\u00bb1\/2&#8243;][vc_column_text]<a href=\"https:\/\/www.google.com\/maps?ll=43.165411,-2.595696&amp;z=11&amp;t=m&amp;hl=es&amp;gl=ES&amp;mapclient=embed&amp;cid=7180517998222413797\" target=\"_blank\" rel=\"noopener\"><img loading=\"lazy\" decoding=\"async\" class=\"alignnone size-full wp-image-3147\" src=\"https:\/\/www.tornilleria-amezua.com\/wp-content\/uploads\/2023\/10\/Mapa-acceso-almacen.jpg\" alt=\"\" width=\"592\" height=\"342\" srcset=\"https:\/\/www.tornilleria-amezua.com\/wp-content\/uploads\/2023\/10\/Mapa-acceso-almacen.jpg 592w, https:\/\/www.tornilleria-amezua.com\/wp-content\/uploads\/2023\/10\/Mapa-acceso-almacen-300x173.jpg 300w, https:\/\/www.tornilleria-amezua.com\/wp-content\/uploads\/2023\/10\/Mapa-acceso-almacen-130x75.jpg 130w, https:\/\/www.tornilleria-amezua.com\/wp-content\/uploads\/2023\/10\/Mapa-acceso-almacen-480x277.jpg 480w\" sizes=\"auto, (max-width:767px) 480px, 592px\" \/><\/a>[\/vc_column_text][\/vc_column_inner][\/vc_row_inner][\/vc_column][\/vc_row]<\/p>\n<\/div>","protected":false},"excerpt":{"rendered":"<p>[vc_row][vc_column width=\u00bb1\/4&#8243; offset=\u00bbvc_hidden-xs\u00bb][\/vc_column][vc_column css_animation=\u00bbbottom-to-top\u00bb width=\u00bb1\/2&#8243;][\/vc_column][vc_column width=\u00bb1\/4&#8243; offset=\u00bbvc_hidden-xs\u00bb][\/vc_column][\/vc_row][vc_row][vc_column][vc_column_text] F\u00c1BRICA [\/vc_column_text][vc_row_inner][vc_column_inner width=\u00bb1\/2&#8243;][vc_column_text css=\u00bb\u00bb]Direcci\u00f3n: Estaci\u00f3n 13, Aptdo. 36 48240 Berriz, Bizkaia Tel\u00e9fono*: +34 946 82 40 59 Fax: +34<span class=\"excerpt-hellip\"> [\u2026]<\/span><\/p>\n","protected":false},"author":2,"featured_media":0,"parent":0,"menu_order":0,"comment_status":"closed","ping_status":"closed","template":"","meta":{"footnotes":""},"categories":[],"tags":[],"class_list":["post-1258","page","type-page","status-publish","hentry"],"_links":{"self":[{"href":"https:\/\/www.tornilleria-amezua.com\/es\/wp-json\/wp\/v2\/pages\/1258","targetHints":{"allow":["GET"]}}],"collection":[{"href":"https:\/\/www.tornilleria-amezua.com\/es\/wp-json\/wp\/v2\/pages"}],"about":[{"href":"https:\/\/www.tornilleria-amezua.com\/es\/wp-json\/wp\/v2\/types\/page"}],"author":[{"embeddable":true,"href":"https:\/\/www.tornilleria-amezua.com\/es\/wp-json\/wp\/v2\/users\/2"}],"replies":[{"embeddable":true,"href":"https:\/\/www.tornilleria-amezua.com\/es\/wp-json\/wp\/v2\/comments?post=1258"}],"version-history":[{"count":39,"href":"https:\/\/www.tornilleria-amezua.com\/es\/wp-json\/wp\/v2\/pages\/1258\/revisions"}],"predecessor-version":[{"id":3230,"href":"https:\/\/www.tornilleria-amezua.com\/es\/wp-json\/wp\/v2\/pages\/1258\/revisions\/3230"}],"wp:attachment":[{"href":"https:\/\/www.tornilleria-amezua.com\/es\/wp-json\/wp\/v2\/media?parent=1258"}],"wp:term":[{"taxonomy":"category","embeddable":true,"href":"https:\/\/www.tornilleria-amezua.com\/es\/wp-json\/wp\/v2\/categories?post=1258"},{"taxonomy":"post_tag","embeddable":true,"href":"https:\/\/www.tornilleria-amezua.com\/es\/wp-json\/wp\/v2\/tags?post=1258"}],"curies":[{"name":"wp","href":"https:\/\/api.w.org\/{rel}","templated":true}]}}