{"id":1512,"date":"2021-11-04T09:03:40","date_gmt":"2021-11-04T09:03:40","guid":{"rendered":"https:\/\/amezua.innobask.net\/?page_id=1512"},"modified":"2023-10-19T17:00:15","modified_gmt":"2023-10-19T16:00:15","slug":"politica-de-cookies","status":"publish","type":"page","link":"https:\/\/www.tornilleria-amezua.com\/es\/politica-de-cookies\/","title":{"rendered":"Pol\u00edtica de cookies"},"content":{"rendered":"<div class=\"wpb-content-wrapper\"><p>[vc_row][vc_column][vc_column_text]Este sitio web del que es titular Torniller\u00eda Amezua SA (en adelante TORNILLERIA AMEZUA) no recaba ni cede a terceros datos de car\u00e1cter personal de las personas usuarias sin su conocimiento.<\/p>\n<p>Con la finalidad de ofrecerle el mejor servicio y con el objeto de facilitar el uso, se analizan el n\u00famero de p\u00e1ginas visitadas, el n\u00famero de visitas, as\u00ed como la actividad de los visitantes y su frecuencia de utilizaci\u00f3n. A estos efectos, TORNILLERIA AMEZUA utiliza la informaci\u00f3n estad\u00edstica elaborada por el Proveedor de Servicios de Internet.<\/p>\n<p>TORNILLERIA AMEZUA no utiliza cookies para recoger informaci\u00f3n de las personas usuarias, ni registra las direcciones IP de acceso. \u00danicamente se utilizan cookies propias, de sesi\u00f3n, con finalidad t\u00e9cnica (aquellas que permiten a la persona usuaria la navegaci\u00f3n a trav\u00e9s del sitio web y la utilizaci\u00f3n de las diferentes opciones y servicios que en ella existen).<\/p>\n<p>Este sitio web contiene enlaces a sitios web de terceros, cuyas pol\u00edticas de privacidad y de cookies son ajenas a las de TORNILLERIA AMEZUA. Al acceder a tales sitios web, usted puede decidir si acepta sus pol\u00edticas de privacidad y de cookies. Con car\u00e1cter general, si navega por internet usted puede aceptar o rechazar las cookies de terceros desde las opciones de configuraci\u00f3n de su navegador.[\/vc_column_text][\/vc_column][\/vc_row]<\/p>\n<\/div>","protected":false},"excerpt":{"rendered":"<p>[vc_row][vc_column][vc_column_text]Este sitio web del que es titular Torniller\u00eda Amezua SA (en adelante TORNILLERIA AMEZUA) no recaba ni cede a terceros datos de car\u00e1cter personal de las<span class=\"excerpt-hellip\"> [\u2026]<\/span><\/p>\n","protected":false},"author":1,"featured_media":0,"parent":0,"menu_order":0,"comment_status":"closed","ping_status":"closed","template":"","meta":{"footnotes":""},"categories":[],"tags":[],"class_list":["post-1512","page","type-page","status-publish","hentry"],"_links":{"self":[{"href":"https:\/\/www.tornilleria-amezua.com\/es\/wp-json\/wp\/v2\/pages\/1512","targetHints":{"allow":["GET"]}}],"collection":[{"href":"https:\/\/www.tornilleria-amezua.com\/es\/wp-json\/wp\/v2\/pages"}],"about":[{"href":"https:\/\/www.tornilleria-amezua.com\/es\/wp-json\/wp\/v2\/types\/page"}],"author":[{"embeddable":true,"href":"https:\/\/www.tornilleria-amezua.com\/es\/wp-json\/wp\/v2\/users\/1"}],"replies":[{"embeddable":true,"href":"https:\/\/www.tornilleria-amezua.com\/es\/wp-json\/wp\/v2\/comments?post=1512"}],"version-history":[{"count":12,"href":"https:\/\/www.tornilleria-amezua.com\/es\/wp-json\/wp\/v2\/pages\/1512\/revisions"}],"predecessor-version":[{"id":3163,"href":"https:\/\/www.tornilleria-amezua.com\/es\/wp-json\/wp\/v2\/pages\/1512\/revisions\/3163"}],"wp:attachment":[{"href":"https:\/\/www.tornilleria-amezua.com\/es\/wp-json\/wp\/v2\/media?parent=1512"}],"wp:term":[{"taxonomy":"category","embeddable":true,"href":"https:\/\/www.tornilleria-amezua.com\/es\/wp-json\/wp\/v2\/categories?post=1512"},{"taxonomy":"post_tag","embeddable":true,"href":"https:\/\/www.tornilleria-amezua.com\/es\/wp-json\/wp\/v2\/tags?post=1512"}],"curies":[{"name":"wp","href":"https:\/\/api.w.org\/{rel}","templated":true}]}}