{"id":3,"date":"2021-08-28T08:27:09","date_gmt":"2021-08-28T08:27:09","guid":{"rendered":"https:\/\/amezua.innobask.net\/?page_id=3"},"modified":"2024-02-16T06:28:41","modified_gmt":"2024-02-16T05:28:41","slug":"aviso-legal-y-politica-de-privacidad","status":"publish","type":"page","link":"https:\/\/www.tornilleria-amezua.com\/es\/aviso-legal-y-politica-de-privacidad\/","title":{"rendered":"Aviso legal y pol\u00edtica de privacidad"},"content":{"rendered":"<div class=\"wpb-content-wrapper\"><p>[vc_row][vc_column][vc_column_text]<\/p>\n<h1>INFORMACI\u00d3N LEGAL LSSIYCE<\/h1>\n<p>De acuerdo con las obligaciones previstas en la Ley 34\/2002 de Servicios de la Sociedad de la Informaci\u00f3n y del Comercio Electr\u00f3nico (en adelante LSSIYCE), Torniller\u00eda Amezua S.A. (en adelante TORNILLERIA AMEZUA) con CIF A48173561, con domicilio social en C\/ Estacion 13, 48240 Berriz (Bizkaia), con correo electr\u00f3nico <a href=\"mailto:comercial@tornilleria-amezua.com\" target=\"_blank\" rel=\"noopener\">comercial@tornilleria-amezua.com<\/a> e inscrita en el Registro Mercantil de Bizkaia en el tomo 113, en el libro 448 y en la hoja 104, manifiesta que el sitio web <a href=\"https:\/\/www.tornilleria-amezua.com\" target=\"_blank\" rel=\"noopener\">www.tornilleria-amezua.com<\/a> es de su propiedad.<\/p>\n<p>TORNILLERIA AMEZUA no puede asumir ninguna responsabilidad derivada del uso incorrecto o il\u00edcito de la informaci\u00f3n que aparezca en su sitio web. Con los l\u00edmites establecido en la ley, TORNILLERIA AMEZUA no asume ninguna responsabilidad por la falta de veracidad, integridad, actualizaci\u00f3n y precisi\u00f3n de los datos o informaciones que se contienen en su sitio web.<\/p>\n<p>Los contenidos e informaciones del sitio web de TORNILLERIA AMEZUA han sido elaborados por profesionales debidamente cualificados para el ejercicio de su profesi\u00f3n. Sin embargo, los contenidos e informaciones no vinculan a la susodicha, ni constituyen opiniones, consejos o asesoramiento legal de ning\u00fan tipo, pues se trata meramente de un servicio ofrecido con car\u00e1cter informativo y divulgativo.<\/p>\n<p>El sitio web de TORNILLERIA AMEZUA puede contener enlaces (links) a otras p\u00e1ginas de terceras. Por lo tanto, \u00e9sta no puede asumir responsabilidades por el contenido que pueda aparecer en p\u00e1ginas de terceros. Los textos, im\u00e1genes, sonidos, animaciones, software y el resto de contenidos incluidos en este sitio web son propiedad exclusiva de TORNILLERIA AMEZUA o sus licenciantes. Cualquier acto de transmisi\u00f3n, distribuci\u00f3n, cesi\u00f3n, reproducci\u00f3n, almacenamiento o comunicaci\u00f3n p\u00fablica total o parcial, debe contar con el consentimiento expreso de TORNILLERIA AMEZUA.<\/p>\n<p>De la misma manera, TORNILLERIA AMEZUA se reserva el derecho a retirar el acceso al portal sin necesidad de previo aviso a cualquier usuario que contravenga lo dispuesto en el presente aviso legal.<\/p>\n<h1>PROTECCI\u00d3N DE DATOS PERSONALES<\/h1>\n<p>En virtud de la normativa de Protecci\u00f3n de Datos de Car\u00e1cter Personal, por la presente autoriza a que los datos personales facilitados sean tratados bajo la responsabilidad de TORNILLERIA AMEZUA, con domicilio social en C\/ Estacion 13, 48240 Berriz (Bizkaia):<\/p>\n<ul>\n<li><u>Formulario de Contacto: <\/u>Sus datos ser\u00e1n tratados con la finalidad de gestionar su petici\u00f3n y poderle dar respuesta, siendo la prestaci\u00f3n de este servicio el motivo que legitima a TORNILLERIA AMEZUA tratar sus datos. Sus datos ser\u00e1n conservados hasta que se resuelva la petici\u00f3n, y no ser\u00e1n transmitidos a terceros.<\/li>\n<\/ul>\n<p>En cualquier caso, podr\u00e1 indicar la revocaci\u00f3n del consentimiento dado, si \u00e9sta fue la base que legitim\u00f3 el tratamiento, o ejercitar los derechos previstos:<\/p>\n<ul>\n<li><u>Derecho<\/u><u> de acceso:<\/u> El interesado tiene derecho a saber si el responsable trata datos personales suyos y, si es as\u00ed, tiene derecho a acceder a estos datos, as\u00ed como a obtener informaci\u00f3n al respecto de los tratamientos realizados.<\/li>\n<li><u>Derecho de<\/u><u> rectificaci\u00f3n:<\/u> Cuando los datos personales son inexactos o est\u00e1n incompletos, el interesado tiene derecho a rectificar sus datos personales inexactos y que se completen sus datos personales incompletos.<\/li>\n<li><u>Derecho de<\/u><u> supresi\u00f3n<\/u>: El interesado tiene derecho a obtener la supresi\u00f3n de sus datos personales (\u00abderecho al olvido\u00bb), cuando: los datos ya no son necesarios para la finalidad para la cual se recogieron; se revoca el consentimiento en el cual se basaba el tratamiento; el interesado se opone al tratamiento; los datos se han tratado il\u00edcitamente; los datos se tienen que suprimir para cumplir una obligaci\u00f3n legal; o los datos se han obtenido en relaci\u00f3n con la oferta de servicios de la sociedad de la informaci\u00f3n dirigida a menores.<\/li>\n<li><u>Derecho de<\/u><u> oposici\u00f3n<\/u>: El interesado tiene derecho a oponerse al tratamiento de sus datos personales cuando se base en algunos supuestos concretos y se invoque un motivo relacionado con su situaci\u00f3n personal.<\/li>\n<li><u>Derecho a la<\/u><u> limitaci\u00f3n del tratamiento<\/u>: Es un derecho de la persona interesada consistente en marcar sus datos de car\u00e1cter personal, conservados con la finalidad de limitar el tratamiento en el futuro. La limitaci\u00f3n del tratamiento supone que, a petici\u00f3n de la persona interesada, sus datos personales indicados se dejen de tratar.<\/li>\n<li><u>Derecho<\/u><u> a la portabilidad de los datos:<\/u> El interesado tiene derecho a recibir los datos personales facilitados al responsable del tratamiento en un formato estructurado, de uso com\u00fan y de lectura mec\u00e1nica, si se basa en el consentimiento o en un contrato, o cuando el tratamiento se realiza por medios automatizados.<\/li>\n<li><u>Derecho<\/u><u> a no ser objeto de decisiones individuales automatizadas:<\/u> El interesado tiene derecho a no ser objeto de una decisi\u00f3n basada en el tratamiento automatizado de sus datos, incluida la elaboraci\u00f3n de perfiles, que produzca efectos jur\u00eddicos en \u00e9l o que le afecte negativamente.<\/li>\n<\/ul>\n<p>Podr\u00e1 ejercer estos derechos enviando una solicitud por escrito a C\/ Estaci\u00f3n 13, 48240 Berriz (Bizkaia) o enviando un email a <a href=\"mailto:comercial@tornilleria-amezua.com\" target=\"_blank\" rel=\"noopener\">comercial@tornilleria-amezua.com<\/a>. Asimismo, tambi\u00e9n podr\u00e1 presentar una reclamaci\u00f3n ante la Agencia Espa\u00f1ola de Protecci\u00f3n de Datos.<\/p>\n<h1>PROPIEDAD INDUSTRIAL E INTELECTUAL<\/h1>\n<p>Este sitio web es propiedad de TORNILLERIA AMEZUA. Los derechos de Propiedad Intelectual y los derechos de explotaci\u00f3n y reproducci\u00f3n de este sitio web, sus p\u00e1ginas, pantallas, la informaci\u00f3n que contienen, su apariencia y dise\u00f1o, as\u00ed como los enlaces (\u00abhiperv\u00ednculos\u00bb) establecidos desde ella a otros sitios web de cualquier centro adscrito u organismo dependiente, son propiedad exclusiva de \u00e9sta, salvo que expresamente se estableciese otra cosa.<\/p>\n<p>Todas las denominaciones, dise\u00f1os y\/o logotipos, as\u00ed como cualquier producto o servicio ofrecido y reflejado en este sitio web, son marcas comerciales debidamente registradas por TORNILLERIA AMEZUA por sus subsidiarias y\/o dominadas o por terceros.<\/p>\n<p>Cualquier uso indebido del mismo por personas distintas de su leg\u00edtimo titular y sin el consentimiento expreso e inequ\u00edvoco de \u00e9ste podr\u00e1 ser denunciado y enjuiciado por todos los medios legales existentes en el ordenamiento jur\u00eddico espa\u00f1ol y\/o comunitario.<\/p>\n<p>Los derechos de propiedad intelectual y marcas comerciales de terceros se destacan convenientemente y deben ser respetados por cualquier persona que acceda a este sitio web, no siendo responsabilidad de TORNILLERIA AMEZUA el uso que la persona usuaria pueda llevar a cabo a este respecto, siendo la \u00fanica responsabilidad sobre su persona.<\/p>\n<p>S\u00f3lo para uso personal y privado est\u00e1 permitido descargar los contenidos, copiar o imprimir cualquier p\u00e1gina de este sitio web.\u00a0Queda prohibido reproducir, transmitir, modificar o eliminar la informaci\u00f3n, contenidos o advertencias de este sitio web sin la autorizaci\u00f3n previa por escrito de TORNILLERIA AMEZUA.<\/p>\n<p>TORNILLERIA AMEZUA no transfiere a las personas usuarias la propiedad de su software. La persona usuaria es la propietaria del medio en el que se graba el software.\u00a0 TORNILLERIA AMEZUA posee todos los derechos de propiedad industrial e intelectual, incluido el software. Si la persona usuaria transfiere software de este sitio web a su terminal, no podr\u00e1 diseccionar por su estudio y descompilar, traducir la versi\u00f3n del c\u00f3digo objeto original o su idioma a otro c\u00f3digo o idioma.<\/p>\n<h1>LEY APLICABLE Y JURISDICCI\u00d3N<\/h1>\n<p>Las presentes condiciones generales se rigen por la Legislaci\u00f3n espa\u00f1ola, siendo competentes los Juzgados y Tribunales espa\u00f1oles para conocer de cuantas cuestiones se susciten sobre la interpretaci\u00f3n, aplicaci\u00f3n y cumplimiento de las mismas. La persona usuaria, por virtud de su aceptaci\u00f3n a las condiciones generales recogidas en este aviso legal y siempre que esta sumisi\u00f3n sea posible, renuncia expresamente a cualquier fuero que, por aplicaci\u00f3n de la Ley de Enjuiciamiento Civil vigente pudiera corresponderle.[\/vc_column_text][\/vc_column][\/vc_row][vc_row disable_element=\u00bbyes\u00bb][vc_column][vc_column_text]En cumplimiento de la legislaci\u00f3n vigente en materia de protecci\u00f3n de datos de car\u00e1cter personal (Reglamento Europeo 679\/16 y dem\u00e1s normativa de desarrollo) as\u00ed como de la regulaci\u00f3n existente en materia de servicios de la sociedad de la informaci\u00f3n y de comercio electr\u00f3nico (Ley 34\/2002, de 11 de julio), ponemos en su conocimiento las presentes condiciones generales de uso que se aplican a todas las operaciones realizadas a trav\u00e9s de la web: www.tornilleria-amezua.com<\/p>\n<h2>Propiedad intelectual<\/h2>\n<p>Los derechos de propiedad intelectual de la WEB, as\u00ed como de sus distintos contenidos pertenecen a XXXXXXXXXXXXXXX (en adelante TORNILLERIA AMEZUA), con domicilio en XXXXXXXXXXXXXXX y CIF XXXXXXXXXXXXXXX , siendo titular del dominio www.tornilleria-amezua.com debidamente inscrito en el Registro Mercantil de Bilbao.<\/p>\n<p>Queda terminantemente prohibido realizar cualquier alteraci\u00f3n de esta p\u00e1gina. TORNILLERIA AMEZUA no asume ninguna responsabilidad que se pueda derivar de manipulaciones o alteraciones no autorizadas. TORNILLERIA AMEZUA no concede ninguna licencia o autorizaci\u00f3n de uso de ning\u00fan tipo sobre sus derechos de propiedad industrial e intelectual o sobre cualquier otra propiedad o derecho relacionado con la WEB, los servicios o los contenidos.<\/p>\n<p>Queda prohibida la reproducci\u00f3n total o parcial de los contenidos de esta WEB sin citar su origen o sin solicitar autorizaci\u00f3n expresa para ello. La utilizaci\u00f3n no autorizada de la informaci\u00f3n contenida en esta WEB, as\u00ed como los perjuicios ocasionados en los derechos de propiedad intelectual e industrial de TORNILLERIA AMEZUA dar\u00e1 lugar al ejercicio de las acciones que correspondan y, en su caso, a las responsabilidades que de dicho ejercicio se deriven.<\/p>\n<h2>Condiciones de utilizaci\u00f3n<\/h2>\n<p>TORNILLERIA AMEZUA advierte de que los materiales contenidos en esta p\u00e1gina WEB han sido incluidos a mero t\u00edtulo informativo, por lo que resultan insuficientes para tomar decisiones o asumir posiciones en un caso concreto. No constituyen asesoramiento o servicio profesional por parte de TORNILLERIA AMEZUA sobre ning\u00fan asunto en particular. TORNILLERIA AMEZUA no asume ninguna responsabilidad por los da\u00f1os y perjuicios resultantes o que tengan conexi\u00f3n con el empleo de dicha informaci\u00f3n.<\/p>\n<p>Los enlaces o links que contiene este sitio WEB pueden conducir a las y los usuarios a otros sitios y p\u00e1ginas WEB gestionadas por terceras personas, sobre las que TORNILLERIA AMEZUA no ejerce ning\u00fan tipo de control. TORNILLERIA AMEZUA no responde ni de los contenidos ni del estado de dichos sitios y p\u00e1ginas WEB, y el acceso a las mismas a trav\u00e9s de este sitio WEB tampoco implica que TORNILLERIA AMEZUA recomiende o apruebe sus contenidos.<\/p>\n<p>TORNILLERIA AMEZUA no utiliza t\u00e1cticas de \u00abSpaming\u00bb.<\/p>\n<h2>Utilizaci\u00f3n l\u00edcita<\/h2>\n<p>Las\/los usuarios de esta p\u00e1gina WEB y de sus servicios se obligan a realizar un uso conforme con las leyes y los usos del tr\u00e1fico, y se abstendr\u00e1n de utilizar la WEB y sus servicios con fines o efectos il\u00edcitos o que sean lesivos de los derechos e intereses de terceras personas, o que de cualquier forma puedan da\u00f1ar, inutilizar, sobrecargar o deteriorar la WEB y los servicios o impedir la normal utilizaci\u00f3n o disfrute de la WEB y de los servicios por parte de las personas usuarias. Quienes incumplan dicha obligaci\u00f3n responder\u00e1n, frente al titular de la WEB y frente a terceros, de cualesquiera da\u00f1os y perjuicios que pudieran causarse como consecuencia del incumplimiento de dicha obligaci\u00f3n.<\/p>\n<h2>Garant\u00eda de errores<\/h2>\n<p>TORNILLERIA AMEZUA no garantiza la inexistencia de errores en el acceso a la WEB, o en su contenido; en el caso de que se citen o reproduzcan publicaciones de car\u00e1cter oficial, dicha reproducci\u00f3n tendr\u00e1 car\u00e1cter meramente informativo debiendo considerarse a todos los efectos como v\u00e1lida la publicaci\u00f3n en su bolet\u00edn o fuente oficial correspondiente.<\/p>\n<h2>Disponibilidad del servicio<\/h2>\n<p>TORNILLERIA AMEZUA se reserva la facultad de efectuar, en cualquier momento y sin necesidad de previo aviso, modificaciones y actualizaciones sobre la informaci\u00f3n contenida en su WEB o en su configuraci\u00f3n o presentaci\u00f3n.<\/p>\n<p>TORNILLERIA AMEZUA no garantiza la disponibilidad y continuidad del funcionamiento de la WEB y de los servicios. Cuando ello sea razonablemente posible, se advertir\u00e1n previamente las interrupciones en el funcionamiento de la WEB y de los servicios.<\/p>\n<p>TORNILLERIA AMEZUA excluye cualquier responsabilidad por los da\u00f1os y perjuicios de toda naturaleza que puedan deberse a la falta de disponibilidad o de continuidad del funcionamiento de la WEB y de los servicios, a la defraudaci\u00f3n de la utilidad que las\/los usuarios hubieren podido atribuir a la WEB y a los servicios, a la falibilidad de la WEB y de los servicios, y en particular, aunque no de modo exclusivo, a los fallos en el acceso a las distintas p\u00e1ginas WEB o a aquellas desde las que se prestan los servicios.<\/p>\n<h2>Uso de cookies y del fichero de actividad<\/h2>\n<p>Este sitio WEB utiliza cookies cuando un usuario\/a navega por sus sitios y p\u00e1ginas. Las cookies utilizadas por el sitio WEB son ficheros enviados a un navegador por medio de un servidor WEB para registrar las actividades de las\/los usuarios en el sitio WEB y permitirle una navegaci\u00f3n m\u00e1s fluida y personalizada. Las\/los usuarios tienen la posibilidad de configurar su navegador para impedir la entrada de cookies, bloquearlas o, en su caso, eliminarlas. Para utilizar el sitio WEB no resulta necesario que las\/los usuarios permitan la instalaci\u00f3n de las cookies enviadas por el sitio WEB.<\/p>\n<p>De igual forma los servidores WEB del sitio detectan de manera autom\u00e1tica la direcci\u00f3n IP y el nombre de la red utilizados por las\/los usuarios. Toda esta informaci\u00f3n es registrada en un fichero de actividad del servidor que permite posteriormente el procesamiento de los datos con el fin de obtener mediciones estad\u00edsticas conociendo as\u00ed el n\u00famero de impresiones de p\u00e1ginas, n\u00famero de visitas, etc\u2026<\/p>\n<p>No obstante TORNILLERIA AMEZUA ni sus representantes legales se hacen responsables ni del contenido ni de la veracidad de las pol\u00edticas de privacidad que puedan tener los terceros mencionados en esta pol\u00edtica de cookies.<\/p>\n<p>Los navegadores web son las herramientas encargadas de almacenar las cookies y desde este lugar debe efectuar su derecho a eliminaci\u00f3n o desactivaci\u00f3n de las mismas. Ni TORNILLERIA AMEZUA ni sus representantes legales pueden garantizar la correcta o incorrecta manipulaci\u00f3n de las cookies por parte de los mencionados navegadores.<\/p>\n<p>En algunos casos es necesario instalar cookies para que el navegador no olvide su decisi\u00f3n de no aceptaci\u00f3n de las mismas.<\/p>\n<p>Para cualquier duda o consulta acerca de esta pol\u00edtica de cookies no dude en comunicarse con nosotros a trav\u00e9s de la secci\u00f3n de contacto.[\/vc_column_text][vc_raw_html]JTNDZGl2JTIwaWQlM0QlMjJjb29raWVmaXJzdC1wb2xpY3ktcGFnZSUyMiUzRSUzQyUyRmRpdiUzRQ==[\/vc_raw_html][vc_column_text]<\/p>\n<h2>Monitorizaci\u00f3n del sitio WEB<\/h2>\n<p>Adem\u00e1s de sistemas propios de monitorizaci\u00f3n del sitio WEB, \u00e9sta p\u00e1gina utiliza herramientas estad\u00edsticas externas del portal alojadas en los servidores del propietario as\u00ed como Google Analytics, un servicio anal\u00edtico de WEB prestado por Google, Inc., una compa\u00f1\u00eda de Delaware (EE UU) cuya oficina principal se encuentra en el:<\/p>\n<p>1600 Amphitheatre Parkway<br \/>\nMountain View, California<br \/>\nCA 94043 EE UU<br \/>\nGoogle<\/p>\n<p>Google Analytics utiliza cookies para ayudar al sitio WEB a analizar el uso que hacen las\/los usuarios. La informaci\u00f3n que genera la cookie acerca del uso del sitio WEB, incluyendo su direcci\u00f3n IP, ser\u00e1 directamente transmitida y archivada por Google en los servidores de los Estados Unidos de Am\u00e9rica. Google usar\u00e1 esta informaci\u00f3n por cuenta nuestra con el prop\u00f3sito de seguir la pista del uso del sitio WEB, recopilando informes de la actividad y prestando otros servicios relacionados con la actividad del sitio WEB y del uso de Internet.<\/p>\n<p>Google podr\u00e1 transmitir dicha informaci\u00f3n a terceros cuando as\u00ed se lo requiera la legislaci\u00f3n, o cuando dichos terceros procesen la informaci\u00f3n por cuenta de Google.<\/p>\n<p>Google no asociar\u00e1 su direcci\u00f3n IP con ning\u00fan otro dato del que disponga.<\/p>\n<p>Al utilizar este sitio WEB consiente el tratamiento de la informaci\u00f3n por Google en la forma y para los fines arriba indicados.<\/p>\n<p>Usted puede rechazar el tratamiento de los datos o la informaci\u00f3n rehusando el uso de cookies mediante la selecci\u00f3n de la configuraci\u00f3n apropiada de su navegador, sin embargo debe Usted saber que en tal caso quiz\u00e1s no pueda usar la plena funcionalidad de este sitio WEB.<\/p>\n<h2>Responsabilidad por el uso de la informaci\u00f3n contenida<\/h2>\n<p>La\/el usuario es consciente y acepta voluntariamente que el uso de la WEB, de los servicios y de los contenidos tiene lugar, en todo caso, bajo su \u00fanica y exclusiva responsabilidad. Tanto el acceso a la WEB como el uso que pueda hacerse de la informaci\u00f3n contenida en el mismo son de la exclusiva responsabilidad de quien lo realiza. TORNILLERIA AMEZUA no responder\u00e1 de ninguna consecuencia, da\u00f1o, o perjuicio que pudieran derivarse de dicho acceso o uso de informaci\u00f3n ni de la aplicaci\u00f3n que de ellos se realice para apoyar cualquier opini\u00f3n o decisi\u00f3n personal o empresarial. TORNILLERIA AMEZUA no asume responsabilidad alguna derivada de la conexi\u00f3n o contenidos de los enlaces de terceros a los que se hace referencia en la WEB.<\/p>\n<h2>Protecci\u00f3n de Datos de Car\u00e1cter Personal<\/h2>\n<p>TORNILLERIA AMEZUA respeta la privacidad de las personas usuarias y el secreto y seguridad de los datos personales, de conformidad con lo establecido en la legislaci\u00f3n aplicable en materia de protecci\u00f3n de datos, en concreto, el Reglamento 2016\/679 del Parlamento Europeo y del Consejo de 27 de abril de 2016, y su normativa de desarrollo, habiendo adoptado para ello las medidas t\u00e9cnicas y organizativas necesarias para evitar la p\u00e9rdida, mal uso, alteraci\u00f3n, acceso no autorizado y robo de los datos personales facilitados, habida cuenta del estado de la tecnolog\u00eda, la naturaleza de los datos y los riesgos a los que est\u00e1n expuestos.<\/p>\n<p>En los supuestos en los que para acceder a alguna de los servicios ofrecidos en esta web sea precisa la aportaci\u00f3n de datos de car\u00e1cter personal, el tratamiento de estos datos se basar\u00e1 en el consentimiento de la persona interesada, a trav\u00e9s de la aceptaci\u00f3n de este aviso legal y pol\u00edtica de privacidad.<\/p>\n<p>Los datos personales s\u00f3lo se tratar\u00e1n con la finalidad de prestarle el servicio adecuado, para lo cual TORNILLERIA AMEZUA podr\u00e1 facilitar el acceso a dichos datos a profesionales\/ empresas subcontratadas por TORNILLERIA AMEZUA, y aquellos Organismos que sean part\u00edcipes necesarios para el buen fin de la prestaci\u00f3n del servicio solicitado por la persona usuaria. Tambi\u00e9n se ceder\u00e1n los datos personales para dar cumplimiento a las obligaciones legales pertinentes.<\/p>\n<p>Dichos datos personales ser\u00e1n conservados durante el tiempo que dure la relaci\u00f3n que vincule a la persona usuaria con TORNILLERIA AMEZUA, y en cualquier caso en los plazos establecidos para dar cumplimiento a las obligaciones legales derivadas de dicha relaci\u00f3n.<\/p>\n<p>La pol\u00edtica de privacidad de TORNILLERIA AMEZUA garantiza a la persona usuaria en todo caso la posibilidad de ejercitar sus derechos: el acceso a los datos personales relativos a la persona interesada, y su rectificaci\u00f3n o supresi\u00f3n, o la limitaci\u00f3n de su tratamiento, el derecho a la portabilidad de los datos, o a oponerse al tratamiento, pudiendo ejercitar dichos derechos:<\/p>\n<p>por correo ordinario dirigido a TORNILLERIA AMEZUA S.A.U. Sabino Arana 8, 48013 Bilbao o bien por e-mail: TORNILLERIA AMEZUA@bizkaia.eus<br \/>\nante la Agencia Espa\u00f1ola de Protecci\u00f3n de Datos<br \/>\nante el Delegado de Protecci\u00f3n de Datos de TORNILLERIA AMEZUA: Jefatura de la Secci\u00f3n de Asesoramiento Jur\u00eddico, Seguridad de la informaci\u00f3n y Protecci\u00f3n de datos, adscrito directamente al Gabinete de Modernizaci\u00f3n, Buen Gobierno y Transparencia de la Diputaci\u00f3n Foral de Bizkaia<\/p>\n<h2>Consentimiento de la persona usuaria<\/h2>\n<p>En el caso de que nos facilite sus datos, se entiende que est\u00e1 prestando el consentimiento para que los mismos sean utilizados para el env\u00edo de comunicaciones relacionadas con los servicios prestados por TORNILLERIA AMEZUA, as\u00ed como para trasladar estos datos a Organismos o Entidades colaboradoras de TORNILLERIA AMEZUA en la prestaci\u00f3n de sus servicios.<\/p>\n<p>Asimismo, se autoriza por parte de las personas asistentes a los actos organizados por TORNILLERIA AMEZUA el uso de las im\u00e1genes de las mismas, a\u00fan en aquellos casos en los que pudiera estar representado\/a \u00fanicamente para fines de comunicaci\u00f3n que esta empresa pudiera realizar.<\/p>\n<h2>Ley aplicable y jurisdicci\u00f3n<\/h2>\n<p>La utilizaci\u00f3n de esta p\u00e1gina WEB se rige por la ley espa\u00f1ola, con independencia del entorno legal del\/la usuaria. Cualquier disputa que pueda surgir en la interpretaci\u00f3n de estas condiciones se resolver\u00e1 en los tribunales del lugar donde tenga fijada su actividad TORNILLERIA AMEZUA.[\/vc_column_text][\/vc_column][\/vc_row]<\/p>\n<\/div>","protected":false},"excerpt":{"rendered":"<p>[vc_row][vc_column][vc_column_text] INFORMACI\u00d3N LEGAL LSSIYCE De acuerdo con las obligaciones previstas en la Ley 34\/2002 de Servicios de la Sociedad de la Informaci\u00f3n y del Comercio Electr\u00f3nico<span class=\"excerpt-hellip\"> [\u2026]<\/span><\/p>\n","protected":false},"author":1,"featured_media":0,"parent":0,"menu_order":0,"comment_status":"closed","ping_status":"open","template":"","meta":{"footnotes":""},"categories":[],"tags":[],"class_list":["post-3","page","type-page","status-publish","hentry"],"_links":{"self":[{"href":"https:\/\/www.tornilleria-amezua.com\/es\/wp-json\/wp\/v2\/pages\/3","targetHints":{"allow":["GET"]}}],"collection":[{"href":"https:\/\/www.tornilleria-amezua.com\/es\/wp-json\/wp\/v2\/pages"}],"about":[{"href":"https:\/\/www.tornilleria-amezua.com\/es\/wp-json\/wp\/v2\/types\/page"}],"author":[{"embeddable":true,"href":"https:\/\/www.tornilleria-amezua.com\/es\/wp-json\/wp\/v2\/users\/1"}],"replies":[{"embeddable":true,"href":"https:\/\/www.tornilleria-amezua.com\/es\/wp-json\/wp\/v2\/comments?post=3"}],"version-history":[{"count":11,"href":"https:\/\/www.tornilleria-amezua.com\/es\/wp-json\/wp\/v2\/pages\/3\/revisions"}],"predecessor-version":[{"id":3175,"href":"https:\/\/www.tornilleria-amezua.com\/es\/wp-json\/wp\/v2\/pages\/3\/revisions\/3175"}],"wp:attachment":[{"href":"https:\/\/www.tornilleria-amezua.com\/es\/wp-json\/wp\/v2\/media?parent=3"}],"wp:term":[{"taxonomy":"category","embeddable":true,"href":"https:\/\/www.tornilleria-amezua.com\/es\/wp-json\/wp\/v2\/categories?post=3"},{"taxonomy":"post_tag","embeddable":true,"href":"https:\/\/www.tornilleria-amezua.com\/es\/wp-json\/wp\/v2\/tags?post=3"}],"curies":[{"name":"wp","href":"https:\/\/api.w.org\/{rel}","templated":true}]}}