{"id":759,"date":"2021-10-12T18:01:16","date_gmt":"2021-10-12T18:01:16","guid":{"rendered":"https:\/\/amezua.innobask.net\/?page_id=759"},"modified":"2021-11-10T23:23:44","modified_gmt":"2021-11-10T22:23:44","slug":"industrias-abastecidas","status":"publish","type":"page","link":"https:\/\/www.tornilleria-amezua.com\/es\/industrias-abastecidas\/","title":{"rendered":"Industrias abastecidas"},"content":{"rendered":"<div class=\"wpb-content-wrapper\"><p>[vc_row css_animation=\u00bbbottom-to-top\u00bb][vc_column][vc_column_text]Fabricamos elementos de fijaci\u00f3n para diversas industrias, teniendo en cuenta las cargas y los ambientes espec\u00edficos a los que estar\u00e1n sometidos. Entre las industrias que abastecemos destacan los siguientes:[\/vc_column_text][\/vc_column][\/vc_row][vc_row css_animation=\u00bbnone\u00bb][vc_column width=\u00bb1\/5&#8243; offset=\u00bbvc_hidden-xs\u00bb][vc_column_text css_animation=\u00bbbottom-to-top\u00bb]<img loading=\"lazy\" decoding=\"async\" class=\"size-medium wp-image-1625 aligncenter\" role=\"img\" src=\"https:\/\/www.tornilleria-amezua.com\/wp-content\/uploads\/2021\/11\/TA-agricultural-industry.svg\" alt=\"\" width=\"64\" height=\"64\" \/><\/p>\n<p style=\"text-align: center;\"><strong>INDUSTRIA AGR\u00cdCOLA<\/strong><\/p>\n<p style=\"text-align: center;\"><span style=\"color: #e25300;\"><a style=\"color: #e25300;\" href=\"https:\/\/www.tornilleria-amezua.com\/es\/industrias-abastecidas\/industria-agricola\/\"><strong>[+ INFO]<\/strong><\/a><\/span><\/p>\n<p>[\/vc_column_text][\/vc_column][vc_column width=\u00bb1\/5&#8243; offset=\u00bbvc_hidden-xs\u00bb][vc_column_text css_animation=\u00bbbottom-to-top\u00bb]<img loading=\"lazy\" decoding=\"async\" class=\"alignnone size-medium wp-image-1628 aligncenter\" role=\"img\" src=\"https:\/\/www.tornilleria-amezua.com\/wp-content\/uploads\/2021\/11\/TA-renewable-energy-industry.svg\" alt=\"\" width=\"64\" height=\"64\" \/><\/p>\n<p style=\"text-align: center;\"><strong>INDUSTRIA DE LAS ENERG\u00cdAS RENOVABLES<\/strong><\/p>\n<p style=\"text-align: center;\"><span style=\"color: #e25300;\"><a style=\"color: #e25300;\" href=\"https:\/\/www.tornilleria-amezua.com\/es\/industrias-abastecidas\/industria-de-las-energias-renovables\/\"><strong>[+ INFO]<\/strong><\/a><\/span><\/p>\n<p>[\/vc_column_text][\/vc_column][vc_column width=\u00bb1\/5&#8243; offset=\u00bbvc_hidden-xs\u00bb][vc_column_text css_animation=\u00bbbottom-to-top\u00bb]<img loading=\"lazy\" decoding=\"async\" class=\"alignnone size-medium wp-image-1631 aligncenter\" role=\"img\" src=\"https:\/\/www.tornilleria-amezua.com\/wp-content\/uploads\/2021\/11\/TA-oilgas-industry.svg\" alt=\"\" width=\"64\" height=\"64\" \/><\/p>\n<p style=\"text-align: center;\"><strong>INDUSTRIA DEL PETR\u00d3LEO Y DEL GAS<\/strong><\/p>\n<p style=\"text-align: center;\"><span style=\"color: #e25300;\"><a style=\"color: #e25300;\" href=\"https:\/\/www.tornilleria-amezua.com\/es\/industrias-abastecidas\/industria-del-petroleo-y-del-gas\/\"><strong>[+ INFO]<\/strong><\/a><\/span><\/p>\n<p>[\/vc_column_text][\/vc_column][vc_column width=\u00bb1\/5&#8243; offset=\u00bbvc_hidden-xs\u00bb][vc_column_text css_animation=\u00bbbottom-to-top\u00bb]<img loading=\"lazy\" decoding=\"async\" class=\"alignnone size-medium wp-image-1634 aligncenter\" role=\"img\" src=\"https:\/\/www.tornilleria-amezua.com\/wp-content\/uploads\/2021\/11\/TA-construction-industry.svg\" alt=\"\" width=\"64\" height=\"64\" \/><\/p>\n<p style=\"text-align: center;\"><strong>INDUSTRIA DE LA CONSTRUCCI\u00d3N<\/strong><\/p>\n<p style=\"text-align: center;\"><span style=\"color: #e25300;\"><a style=\"color: #e25300;\" href=\"https:\/\/www.tornilleria-amezua.com\/es\/industrias-abastecidas\/industria-de-la-construccion\/\"><strong>[+ INFO]<\/strong><\/a><\/span><\/p>\n<p>[\/vc_column_text][\/vc_column][vc_column width=\u00bb1\/5&#8243; offset=\u00bbvc_hidden-xs\u00bb][vc_column_text css_animation=\u00bbbottom-to-top\u00bb]<img loading=\"lazy\" decoding=\"async\" class=\"alignnone size-medium wp-image-1637 aligncenter\" role=\"img\" src=\"https:\/\/www.tornilleria-amezua.com\/wp-content\/uploads\/2021\/11\/TA-maritime-industry.svg\" alt=\"\" width=\"64\" height=\"64\" \/><\/p>\n<p style=\"text-align: center;\"><strong>INDUSTRIA MAR\u00cdTIMA<\/strong><\/p>\n<p style=\"text-align: center;\"><span style=\"color: #e25300;\"><a style=\"color: #e25300;\" href=\"https:\/\/www.tornilleria-amezua.com\/es\/industrias-abastecidas\/industria-maritima\/\"><strong>[+ INFO]<\/strong><\/a><\/span><\/p>\n<p>[\/vc_column_text][\/vc_column][\/vc_row][vc_row][vc_column width=\u00bb1\/2&#8243; offset=\u00bbvc_hidden-lg vc_hidden-md vc_hidden-sm vc_col-xs-6&#8243;][vc_column_text css_animation=\u00bbleft-to-right\u00bb]<img loading=\"lazy\" decoding=\"async\" class=\"size-medium wp-image-1625 aligncenter\" role=\"img\" src=\"https:\/\/www.tornilleria-amezua.com\/wp-content\/uploads\/2021\/11\/TA-agricultural-industry.svg\" alt=\"\" width=\"64\" height=\"64\" \/><\/p>\n<p style=\"text-align: center;\"><strong>INDUSTRIA AGR\u00cdCOLA<\/strong><\/p>\n<p style=\"text-align: center;\"><span style=\"color: #e25300;\"><a style=\"color: #e25300;\" href=\"https:\/\/www.tornilleria-amezua.com\/es\/industrias-abastecidas\/industria-agricola\/\"><strong>[+ INFO]<\/strong><\/a><\/span><\/p>\n<p>[\/vc_column_text][\/vc_column][vc_column width=\u00bb1\/2&#8243; offset=\u00bbvc_hidden-lg vc_hidden-md vc_hidden-sm vc_col-xs-6&#8243;][vc_column_text css_animation=\u00bbright-to-left\u00bb]<img loading=\"lazy\" decoding=\"async\" class=\"alignnone size-medium wp-image-1628 aligncenter\" role=\"img\" src=\"https:\/\/www.tornilleria-amezua.com\/wp-content\/uploads\/2021\/11\/TA-renewable-energy-industry.svg\" alt=\"\" width=\"64\" height=\"64\" \/><\/p>\n<p style=\"text-align: center;\"><strong>INDUSTRIA DE LAS ENERG\u00cdAS RENOVABLES<\/strong><\/p>\n<p style=\"text-align: center;\"><span style=\"color: #e25300;\"><a style=\"color: #e25300;\" href=\"https:\/\/www.tornilleria-amezua.com\/es\/industrias-abastecidas\/industria-de-las-energias-renovables\/\"><strong>[+ INFO]<\/strong><\/a><\/span><\/p>\n<p>[\/vc_column_text][\/vc_column][\/vc_row][vc_row][vc_column width=\u00bb1\/2&#8243; offset=\u00bbvc_hidden-lg vc_hidden-md vc_hidden-sm vc_col-xs-6&#8243;][vc_column_text css_animation=\u00bbleft-to-right\u00bb]<img loading=\"lazy\" decoding=\"async\" class=\"alignnone size-medium wp-image-1631 aligncenter\" role=\"img\" src=\"https:\/\/www.tornilleria-amezua.com\/wp-content\/uploads\/2021\/11\/TA-oilgas-industry.svg\" alt=\"\" width=\"64\" height=\"64\" \/><\/p>\n<p style=\"text-align: center;\"><strong>INDUSTRIA DEL PETR\u00d3LEO Y DEL GAS<\/strong><\/p>\n<p style=\"text-align: center;\"><span style=\"color: #e25300;\"><a style=\"color: #e25300;\" href=\"https:\/\/www.tornilleria-amezua.com\/es\/industrias-abastecidas\/industria-del-petroleo-y-del-gas\/\"><strong>[+ INFO]<\/strong><\/a><\/span><\/p>\n<p>[\/vc_column_text][\/vc_column][vc_column width=\u00bb1\/2&#8243; offset=\u00bbvc_hidden-lg vc_hidden-md vc_hidden-sm vc_col-xs-6&#8243;][vc_column_text css_animation=\u00bbright-to-left\u00bb]<img loading=\"lazy\" decoding=\"async\" class=\"alignnone size-medium wp-image-1634 aligncenter\" role=\"img\" src=\"https:\/\/www.tornilleria-amezua.com\/wp-content\/uploads\/2021\/11\/TA-construction-industry.svg\" alt=\"\" width=\"64\" height=\"64\" \/><\/p>\n<p style=\"text-align: center;\"><strong>INDUSTRIA DE LA CONSTRUCCI\u00d3N<\/strong><\/p>\n<p style=\"text-align: center;\"><span style=\"color: #e25300;\"><a style=\"color: #e25300;\" href=\"https:\/\/www.tornilleria-amezua.com\/es\/industrias-abastecidas\/industria-de-la-construccion\/\"><strong>[+ INFO]<\/strong><\/a><\/span><\/p>\n<p>[\/vc_column_text][\/vc_column][\/vc_row][vc_row][vc_column offset=\u00bbvc_hidden-lg vc_hidden-md vc_hidden-sm\u00bb][vc_column_text css_animation=\u00bbbottom-to-top\u00bb]<img loading=\"lazy\" decoding=\"async\" class=\"alignnone size-medium wp-image-1637 aligncenter\" role=\"img\" src=\"https:\/\/www.tornilleria-amezua.com\/wp-content\/uploads\/2021\/11\/TA-maritime-industry.svg\" alt=\"\" width=\"64\" height=\"64\" \/><\/p>\n<p style=\"text-align: center;\"><strong>INDUSTRIA MAR\u00cdTIMA<\/strong><\/p>\n<p style=\"text-align: center;\"><span style=\"color: #e25300;\"><a style=\"color: #e25300;\" href=\"https:\/\/www.tornilleria-amezua.com\/es\/industrias-abastecidas\/industria-maritima\/\"><strong>[+ INFO]<\/strong><\/a><\/span><\/p>\n<p>[\/vc_column_text][\/vc_column][\/vc_row][vc_row full_width=\u00bbstretch_row\u00bb css_animation=\u00bbbottom-to-top\u00bb css=\u00bb.vc_custom_1636307434983{background-color: #dddddd !important;}\u00bb][vc_column][vc_icon icon_fontawesome=\u00bbfas fa-info-circle\u00bb color=\u00bbcustom\u00bb size=\u00bbxl\u00bb align=\u00bbcenter\u00bb custom_color=\u00bb#e25300&#8243;][vc_column_text]<\/p>\n<h2 style=\"text-align: center;\">\u00bfEST\u00c1 BUSCANDO ELEMENTOS DE FIJACI\u00d3N PARA OTRA INDUSTRIA?<\/h2>\n<p>[\/vc_column_text][vc_btn title=\u00bbCONTACTE CON NOSOTROS\u00bb style=\u00bbcustom\u00bb custom_background=\u00bb#e25300&#8243; custom_text=\u00bb#dddddd\u00bb size=\u00bblg\u00bb align=\u00bbcenter\u00bb link=\u00bburl:https%3A%2F%2Fwww.tornilleria-amezua.com%2Fes%2Fcontacto%2F|title:Contacto\u00bb css=\u00bb.vc_custom_1636549080929{margin-right: 20px !important;margin-bottom: 50px !important;margin-left: 20px !important;}\u00bb][vc_column_text]<\/p>\n<h3 style=\"text-align: center;\">\u00a1BUSCAMOS NUEVAS INDUSTRIAS A LAS QUE ABASTECER!<\/h3>\n<p>[\/vc_column_text][\/vc_column][\/vc_row]<\/p>\n<\/div>","protected":false},"excerpt":{"rendered":"<p>[vc_row css_animation=\u00bbbottom-to-top\u00bb][vc_column][vc_column_text]Fabricamos elementos de fijaci\u00f3n para diversas industrias, teniendo en cuenta las cargas y los ambientes espec\u00edficos a los que estar\u00e1n sometidos. Entre las industrias que<span class=\"excerpt-hellip\"> [\u2026]<\/span><\/p>\n","protected":false},"author":2,"featured_media":0,"parent":0,"menu_order":0,"comment_status":"closed","ping_status":"closed","template":"","meta":{"footnotes":""},"categories":[],"tags":[],"class_list":["post-759","page","type-page","status-publish","hentry"],"_links":{"self":[{"href":"https:\/\/www.tornilleria-amezua.com\/es\/wp-json\/wp\/v2\/pages\/759","targetHints":{"allow":["GET"]}}],"collection":[{"href":"https:\/\/www.tornilleria-amezua.com\/es\/wp-json\/wp\/v2\/pages"}],"about":[{"href":"https:\/\/www.tornilleria-amezua.com\/es\/wp-json\/wp\/v2\/types\/page"}],"author":[{"embeddable":true,"href":"https:\/\/www.tornilleria-amezua.com\/es\/wp-json\/wp\/v2\/users\/2"}],"replies":[{"embeddable":true,"href":"https:\/\/www.tornilleria-amezua.com\/es\/wp-json\/wp\/v2\/comments?post=759"}],"version-history":[{"count":51,"href":"https:\/\/www.tornilleria-amezua.com\/es\/wp-json\/wp\/v2\/pages\/759\/revisions"}],"predecessor-version":[{"id":1952,"href":"https:\/\/www.tornilleria-amezua.com\/es\/wp-json\/wp\/v2\/pages\/759\/revisions\/1952"}],"wp:attachment":[{"href":"https:\/\/www.tornilleria-amezua.com\/es\/wp-json\/wp\/v2\/media?parent=759"}],"wp:term":[{"taxonomy":"category","embeddable":true,"href":"https:\/\/www.tornilleria-amezua.com\/es\/wp-json\/wp\/v2\/categories?post=759"},{"taxonomy":"post_tag","embeddable":true,"href":"https:\/\/www.tornilleria-amezua.com\/es\/wp-json\/wp\/v2\/tags?post=759"}],"curies":[{"name":"wp","href":"https:\/\/api.w.org\/{rel}","templated":true}]}}