{"id":930,"date":"2021-10-12T18:10:07","date_gmt":"2021-10-12T18:10:07","guid":{"rendered":"https:\/\/amezua.innobask.net\/?page_id=930"},"modified":"2021-11-10T14:02:27","modified_gmt":"2021-11-10T13:02:27","slug":"industria-agricola","status":"publish","type":"page","link":"https:\/\/www.tornilleria-amezua.com\/es\/industrias-abastecidas\/industria-agricola\/","title":{"rendered":"Industria agr\u00edcola"},"content":{"rendered":"<div class=\"wpb-content-wrapper\"><p>[vc_row css_animation=\u00bbbottom-to-top\u00bb][vc_column][vc_column_text css_animation=\u00bbnone\u00bb el_class=\u00bbbulletamezua\u00bb]Fabricamos elementos de fijaci\u00f3n para la industria agr\u00edcola conforme a planos, muestras, prototipos u otras especificaciones de nuestros clientes, as\u00ed como a las normas internacionales m\u00e1s relevantes, teniendo en cuenta las cargas y los ambientes espec\u00edficos a los que estar\u00e1n sometidos. As\u00ed, nuestros elementos de fijaci\u00f3n est\u00e1n presentes en:<\/p>\n<ul>\n<li>Maquinaria pesada agr\u00edcola (en cosechadoras, en recolectadoras\u2026)<\/li>\n<li>Implementos para maquinaria pesada agr\u00edcola (en palas cargadoras frontales, en arados, en cultivadores\u2026)<\/li>\n<\/ul>\n<p>[\/vc_column_text][\/vc_column][\/vc_row][vc_row][vc_column][vc_single_image image=\u00bb1651&#8243; img_size=\u00bbfull\u00bb alignment=\u00bbcenter\u00bb style=\u00bbvc_box_border\u00bb css_animation=\u00bbbottom-to-top\u00bb][\/vc_column][\/vc_row][vc_row full_width=\u00bbstretch_row\u00bb css_animation=\u00bbbottom-to-top\u00bb css=\u00bb.vc_custom_1636308825826{background-color: #dddddd !important;}\u00bb][vc_column][vc_icon icon_fontawesome=\u00bbfas fa-info-circle\u00bb color=\u00bbcustom\u00bb size=\u00bbxl\u00bb align=\u00bbcenter\u00bb custom_color=\u00bb#e25300&#8243;][vc_column_text]<\/p>\n<h2 style=\"text-align: center;\">\u00bfNECESITA M\u00c1S INFORMACI\u00d3N?<\/h2>\n<p>[\/vc_column_text][vc_btn title=\u00bbCONTACTE CON NOSOTROS\u00bb style=\u00bbcustom\u00bb custom_background=\u00bb#e25300&#8243; custom_text=\u00bb#dddddd\u00bb size=\u00bblg\u00bb align=\u00bbcenter\u00bb link=\u00bburl:https%3A%2F%2Fwww.tornilleria-amezua.com%2Fes%2Fcontacto%2F|title:Contacto\u00bb][vc_column_text]<\/p>\n<h3 style=\"text-align: center;\">\u00a1Estaremos encantados de atenderle!<\/h3>\n<p>[\/vc_column_text][\/vc_column][\/vc_row]<\/p>\n<\/div>","protected":false},"excerpt":{"rendered":"<p>[vc_row css_animation=\u00bbbottom-to-top\u00bb][vc_column][vc_column_text css_animation=\u00bbnone\u00bb el_class=\u00bbbulletamezua\u00bb]Fabricamos elementos de fijaci\u00f3n para la industria agr\u00edcola conforme a planos, muestras, prototipos u otras especificaciones de nuestros clientes, as\u00ed como a las<span class=\"excerpt-hellip\"> [\u2026]<\/span><\/p>\n","protected":false},"author":2,"featured_media":0,"parent":759,"menu_order":0,"comment_status":"closed","ping_status":"closed","template":"","meta":{"footnotes":""},"categories":[],"tags":[],"class_list":["post-930","page","type-page","status-publish","hentry"],"_links":{"self":[{"href":"https:\/\/www.tornilleria-amezua.com\/es\/wp-json\/wp\/v2\/pages\/930","targetHints":{"allow":["GET"]}}],"collection":[{"href":"https:\/\/www.tornilleria-amezua.com\/es\/wp-json\/wp\/v2\/pages"}],"about":[{"href":"https:\/\/www.tornilleria-amezua.com\/es\/wp-json\/wp\/v2\/types\/page"}],"author":[{"embeddable":true,"href":"https:\/\/www.tornilleria-amezua.com\/es\/wp-json\/wp\/v2\/users\/2"}],"replies":[{"embeddable":true,"href":"https:\/\/www.tornilleria-amezua.com\/es\/wp-json\/wp\/v2\/comments?post=930"}],"version-history":[{"count":15,"href":"https:\/\/www.tornilleria-amezua.com\/es\/wp-json\/wp\/v2\/pages\/930\/revisions"}],"predecessor-version":[{"id":1954,"href":"https:\/\/www.tornilleria-amezua.com\/es\/wp-json\/wp\/v2\/pages\/930\/revisions\/1954"}],"up":[{"embeddable":true,"href":"https:\/\/www.tornilleria-amezua.com\/es\/wp-json\/wp\/v2\/pages\/759"}],"wp:attachment":[{"href":"https:\/\/www.tornilleria-amezua.com\/es\/wp-json\/wp\/v2\/media?parent=930"}],"wp:term":[{"taxonomy":"category","embeddable":true,"href":"https:\/\/www.tornilleria-amezua.com\/es\/wp-json\/wp\/v2\/categories?post=930"},{"taxonomy":"post_tag","embeddable":true,"href":"https:\/\/www.tornilleria-amezua.com\/es\/wp-json\/wp\/v2\/tags?post=930"}],"curies":[{"name":"wp","href":"https:\/\/api.w.org\/{rel}","templated":true}]}}